{"id":11,"date":"2017-10-10T11:03:06","date_gmt":"2017-10-10T08:03:06","guid":{"rendered":"http:\/\/lmma\/?page_id=11"},"modified":"2026-02-03T21:23:48","modified_gmt":"2026-02-03T19:23:48","slug":"taryba","status":"publish","type":"page","link":"https:\/\/www.vu.lt\/lmma\/?page_id=11","title":{"rendered":"Valdyba ir Taryba"},"content":{"rendered":"<h2 style=\"padding-bottom: 0px; margin-bottom: 0px;\">2025 m. lapkri\u010dio 11 d. LMMA konferencijoje i\u0161rinktas Prezidentas, valdyba.<\/h2>\n<p>&nbsp;<\/p>\n<h2 style=\"padding-bottom: 0px; margin-bottom: 0px;\"><em><span style=\"font-size: xx-large;\">LMMA valdyba<\/span><\/em><\/h2>\n<h2 style=\"padding-bottom: 0px; margin-bottom: 0px;\"><span style=\"color: #000080; font-size: 14pt;\"><strong>Vilija Dabri\u0161ien\u0117 \u2013 LMMA prezidentas<\/strong><\/span><\/h2>\n<h2 style=\"padding-bottom: 0px; margin-bottom: 0px;\"><span style=\"color: #000080; font-size: 14pt;\"><strong>Antanas Apynis <\/strong><\/span><\/h2>\n<p style=\"text-align: left;\">Vilniaus Mykolo Bir\u017ei\u0161kos gimnazijos matematikos mokytojas ekspertas<\/p>\n<h3><strong style=\"color: #000080; font-size: 14pt;\">Vilija \u0160ileikien\u0117<\/strong><\/h3>\n<p>Klaip\u0117dos \u201e\u0104\u017euolyno\u201c gimnazijos matematikos mokytoja ekspert\u0117<\/p>\n<p><span style=\"color: #000080; font-size: 14pt;\"><strong>Odeta Stanevi\u010dien\u0117<\/strong><\/span><br \/>\nLietuvos sveikatos moksl\u0173 universiteto gimnazijos matematikos mokytoja ekspert\u0117<\/p>\n<p>&nbsp;<\/p>\n","protected":false},"excerpt":{"rendered":"<p>2025 m. lapkri\u010dio 11 d. LMMA konferencijoje i\u0161rinktas Prezidentas, valdyba. &nbsp; LMMA valdyba Vilija Dabri\u0161ien\u0117 \u2013 LMMA prezidentas Antanas Apynis Vilniaus Mykolo Bir\u017ei\u0161kos gimnazijos matematikos&hellip;<\/p>\n","protected":false},"author":1,"featured_media":0,"parent":2431,"menu_order":0,"comment_status":"closed","ping_status":"closed","template":"","meta":{"footnotes":""},"class_list":["post-11","page","type-page","status-publish","hentry"],"_links":{"self":[{"href":"https:\/\/www.vu.lt\/lmma\/index.php?rest_route=\/wp\/v2\/pages\/11","targetHints":{"allow":["GET"]}}],"collection":[{"href":"https:\/\/www.vu.lt\/lmma\/index.php?rest_route=\/wp\/v2\/pages"}],"about":[{"href":"https:\/\/www.vu.lt\/lmma\/index.php?rest_route=\/wp\/v2\/types\/page"}],"author":[{"embeddable":true,"href":"https:\/\/www.vu.lt\/lmma\/index.php?rest_route=\/wp\/v2\/users\/1"}],"replies":[{"embeddable":true,"href":"https:\/\/www.vu.lt\/lmma\/index.php?rest_route=%2Fwp%2Fv2%2Fcomments&post=11"}],"version-history":[{"count":1,"href":"https:\/\/www.vu.lt\/lmma\/index.php?rest_route=\/wp\/v2\/pages\/11\/revisions"}],"predecessor-version":[{"id":2867,"href":"https:\/\/www.vu.lt\/lmma\/index.php?rest_route=\/wp\/v2\/pages\/11\/revisions\/2867"}],"up":[{"embeddable":true,"href":"https:\/\/www.vu.lt\/lmma\/index.php?rest_route=\/wp\/v2\/pages\/2431"}],"wp:attachment":[{"href":"https:\/\/www.vu.lt\/lmma\/index.php?rest_route=%2Fwp%2Fv2%2Fmedia&parent=11"}],"curies":[{"name":"wp","href":"https:\/\/api.w.org\/{rel}","templated":true}]}}