{"id":2431,"date":"2011-01-03T19:45:48","date_gmt":"2011-01-03T19:45:48","guid":{"rendered":"http:\/\/lmma\/?page_id=2"},"modified":"2024-02-04T18:03:35","modified_gmt":"2024-02-04T16:03:35","slug":"apie-lmma","status":"publish","type":"page","link":"https:\/\/www.vu.lt\/lmma\/?page_id=2431","title":{"rendered":"Apie LMMA"},"content":{"rendered":"<p><strong><span style=\"font-size: large;\">M\u016bs\u0173 turtas \u2013 intelektualinis potencialas.<\/span><\/strong><\/p>\n<p style=\"text-align: right;\">Informacinis leidinys \u201e\u0160vietimo naujienos\u201c 2011 m. Nr.5 (305)<\/p>\n<p><span style=\"font-size: 12pt; color: #808080;\">Misija, kuri\u0105 vykdome<\/span><\/p>\n<p style=\"text-align: justify;\"><span style=\"color: #000000;\">Lietuvos Matematikos Mokytoj\u0173 Asociacijos misija \u2013 garantuoti auk\u0161\u010diausi\u0105 matematikos mokymo lyg\u012f Lietuvos mokyklose, kelti mokytoj\u0173 k\u016brybi\u0161kum\u0105, suteikti mokytojams galimyb\u0119 semtis \u017eini\u0173 bei dalintis savomis u\u017esienyje.<\/span><\/p>\n<p><span style=\"text-align: justify;\">Asociacijos nariai gali b\u016bti matematikos mokytojai, d\u0117stytojai ir kiti \u0161vietimo sistemoje dirbantys valstyb\u0117s tarnautojai ir darbuotojai, kuri\u0173 darbas susij\u0119s su matematikos mokymu ir asmenys, kurie suinteresuoti matematikos mokymu.<\/span><\/p>\n<p style=\"text-align: justify;\"><strong>Norintys tapti asociacijos nariais, u<\/strong><strong>\u017e<\/strong><strong>pildykite <a href=\"https:\/\/forms.gle\/ds3Bng8LayQRAEuE7\" target=\"_blank\" rel=\"noopener noreferrer\">nario anket\u0105<\/a>\u00a0ir sumok\u0117kite stojam\u0105j\u012f bei nario mokest\u012f.<\/strong><\/p>\n<p>I\u0161ra\u0161as i\u0161 LMMA \u012fstat\u0173 patvirtint\u0173 2019 m. sausio 26 d.<\/p>\n<p><strong>20. Asociacijos narys pa\u0161alinamas i\u0161 Asociacijos, kai nesilaiko \u0161i\u0173 \u012fstat\u0173 ar\u00a0nemoka nario mokes\u010di\u0173 daugiau kaip tris metus (neb\u016btinai i\u0161 eil\u0117s).\u00a0Sprendim\u0105 d\u0117l pa\u0161alinimo i\u0161 Asociacijos priima Asociacijos valdyba.<\/strong><\/p>\n<p>S\u0105skaita<\/p>\n<aside id=\"text-4\">LMMA s\u0105skaitos numeris\u00a0 Nr. LT 17 7300 0100 0244 6478<br \/>\nGav\u0117jo pavadinimas: Lietuvos matematikos mokytoj\u0173 asociacija<br \/>\nLMMA (gav\u0117jo) kodas 1907 24310<br \/>\nBanko pavadinimas AB Swedbank<br \/>\nBanko kodas 73000<\/p>\n<p>Mokes\u010dio pavadinimas: metinis nario mokestis arba stojamasis mokestis.<br \/>\nMok\u0117jimo paskirtyje nurodyti: asmens vard\u0105, pavard\u0119, darboviet\u0119, <strong>metus, u\u017e kuriuos mokate<\/strong>.<\/p>\n<p><strong><span style=\"font-size: medium;\">Nuo 2024 m. vasario 5 d.<br \/>\n<\/span><\/strong><span style=\"font-size: medium;\">Metinis nario mokestis \u2013 <strong>10 eur\u0173<\/strong>.<\/span><br \/>\n<span style=\"font-size: medium;\"> Stojamasis mokestis \u2013 <strong>5 eurai<\/strong>.<\/span><\/p>\n<\/aside>\n","protected":false},"excerpt":{"rendered":"<p>M\u016bs\u0173 turtas \u2013 intelektualinis potencialas. Informacinis leidinys \u201e\u0160vietimo naujienos\u201c 2011 m. Nr.5 (305) Misija, kuri\u0105 vykdome Lietuvos Matematikos Mokytoj\u0173 Asociacijos misija \u2013 garantuoti auk\u0161\u010diausi\u0105 matematikos&hellip;<\/p>\n","protected":false},"author":1,"featured_media":0,"parent":0,"menu_order":0,"comment_status":"closed","ping_status":"closed","template":"","meta":{"footnotes":""},"class_list":["post-2431","page","type-page","status-publish","hentry"],"_links":{"self":[{"href":"https:\/\/www.vu.lt\/lmma\/index.php?rest_route=\/wp\/v2\/pages\/2431","targetHints":{"allow":["GET"]}}],"collection":[{"href":"https:\/\/www.vu.lt\/lmma\/index.php?rest_route=\/wp\/v2\/pages"}],"about":[{"href":"https:\/\/www.vu.lt\/lmma\/index.php?rest_route=\/wp\/v2\/types\/page"}],"author":[{"embeddable":true,"href":"https:\/\/www.vu.lt\/lmma\/index.php?rest_route=\/wp\/v2\/users\/1"}],"replies":[{"embeddable":true,"href":"https:\/\/www.vu.lt\/lmma\/index.php?rest_route=%2Fwp%2Fv2%2Fcomments&post=2431"}],"version-history":[{"count":1,"href":"https:\/\/www.vu.lt\/lmma\/index.php?rest_route=\/wp\/v2\/pages\/2431\/revisions"}],"predecessor-version":[{"id":2760,"href":"https:\/\/www.vu.lt\/lmma\/index.php?rest_route=\/wp\/v2\/pages\/2431\/revisions\/2760"}],"wp:attachment":[{"href":"https:\/\/www.vu.lt\/lmma\/index.php?rest_route=%2Fwp%2Fv2%2Fmedia&parent=2431"}],"curies":[{"name":"wp","href":"https:\/\/api.w.org\/{rel}","templated":true}]}}