{"id":45,"date":"2011-01-16T16:44:33","date_gmt":"2011-01-16T16:44:33","guid":{"rendered":"http:\/\/lmma\/"},"modified":"2023-04-03T10:21:10","modified_gmt":"2023-04-03T08:21:10","slug":"istorija","status":"publish","type":"page","link":"https:\/\/www.vu.lt\/lmma\/?page_id=45","title":{"rendered":"Istorija"},"content":{"rendered":"<p><span style=\"font-size: large;\"><strong>Lietuvos Matematikos Mokytoj\u0173 Asociacija susik\u016br\u0117 1991 m. gruod\u017eio 20 d.<\/strong><\/span><\/p>\n<p><span style=\"font-size: medium;\"><strong><a href=\"https:\/\/vu.lt\/lmma\/wp-content\/uploads\/2011\/01\/LMMA_steigiamosios_konferencijos_protokolas.pdf\">LMMA steigiamosios&nbsp;konferencijos protokolas<\/a><\/strong><\/span><\/p>\n<p>&nbsp;<\/p>\n<p>&nbsp;<\/p>\n<p>&nbsp;<\/p>\n<p>&nbsp;<\/p>\n<p><!--more--><a href=\"https:\/\/vu.lt\/lmma\/wp-content\/uploads\/2011\/01\/2009-10-05.jpg\"><img loading=\"lazy\" decoding=\"async\" class=\"alignright size-thumbnail wp-image-367\" src=\"https:\/\/vu.lt\/lmma\/wp-content\/uploads\/2011\/01\/2009-10-05-150x150.jpg\" alt=\"2009-10-05\" width=\"150\" height=\"150\"><\/a>2009-10-05 \u0161alies vadov\u0117 susitiko su Lietuvos mokytoj\u0173 dalykini\u0173 asociacij\u0173 vadovais. Susitikime buvo aptarta mokyklos paskirtis ir mokytojo vaidmuo \u0161iuolaikiniame pasaulyje.<\/p>\n<p>&nbsp;<\/p>\n<p>&nbsp;<\/p>\n<p>&nbsp;<\/p>\n<p>&nbsp;<\/p>\n<p><!--more--><\/p>\n<p>2011-10-04 Tarptautin\u0117s m<a href=\"https:\/\/vu.lt\/lmma\/wp-content\/uploads\/2011\/01\/2011-10-04.jpg\"><img loading=\"lazy\" decoding=\"async\" class=\"alignright size-thumbnail wp-image-371\" src=\"https:\/\/vu.lt\/lmma\/wp-content\/uploads\/2011\/01\/2011-10-04-150x150.jpg\" alt=\"2011-10-04\" width=\"150\" height=\"150\"><\/a>okytoj\u0173 dienos i\u0161vakar\u0117se Prezident\u0117 Dalia Grybauskait\u0117 \u012f \u0161ventin\u012f rengin\u012f pakviet\u0117 Met\u0173 mokytojo vard\u0105 pelniusius pedagogus ir Lietuvos mokytoj\u0173 dalykini\u0173 asociacij\u0173 atstovus<\/p>\n<p>&nbsp;<\/p>\n<p>&nbsp;<\/p>\n<p>&nbsp;<\/p>\n<p>&nbsp;<\/p>\n<p>&nbsp;<\/p>\n<p>&nbsp;<\/p>\n<p>&nbsp;<\/p>\n<p>&nbsp;<\/p>\n","protected":false},"excerpt":{"rendered":"<p>Lietuvos Matematikos Mokytoj\u0173 Asociacija susik\u016br\u0117 1991 m. gruod\u017eio 20 d. LMMA steigiamosios&nbsp;konferencijos protokolas &nbsp; &nbsp; &nbsp; &nbsp;<\/p>\n","protected":false},"author":1,"featured_media":0,"parent":0,"menu_order":0,"comment_status":"closed","ping_status":"closed","template":"","meta":{"footnotes":""},"class_list":["post-45","page","type-page","status-publish","hentry"],"_links":{"self":[{"href":"https:\/\/www.vu.lt\/lmma\/index.php?rest_route=\/wp\/v2\/pages\/45","targetHints":{"allow":["GET"]}}],"collection":[{"href":"https:\/\/www.vu.lt\/lmma\/index.php?rest_route=\/wp\/v2\/pages"}],"about":[{"href":"https:\/\/www.vu.lt\/lmma\/index.php?rest_route=\/wp\/v2\/types\/page"}],"author":[{"embeddable":true,"href":"https:\/\/www.vu.lt\/lmma\/index.php?rest_route=\/wp\/v2\/users\/1"}],"replies":[{"embeddable":true,"href":"https:\/\/www.vu.lt\/lmma\/index.php?rest_route=%2Fwp%2Fv2%2Fcomments&post=45"}],"version-history":[{"count":2,"href":"https:\/\/www.vu.lt\/lmma\/index.php?rest_route=\/wp\/v2\/pages\/45\/revisions"}],"predecessor-version":[{"id":2688,"href":"https:\/\/www.vu.lt\/lmma\/index.php?rest_route=\/wp\/v2\/pages\/45\/revisions\/2688"}],"wp:attachment":[{"href":"https:\/\/www.vu.lt\/lmma\/index.php?rest_route=%2Fwp%2Fv2%2Fmedia&parent=45"}],"curies":[{"name":"wp","href":"https:\/\/api.w.org\/{rel}","templated":true}]}}