{"id":47,"date":"2011-01-16T16:44:56","date_gmt":"2011-01-16T16:44:56","guid":{"rendered":"http:\/\/lmma\/"},"modified":"2026-05-04T18:40:18","modified_gmt":"2026-05-04T16:40:18","slug":"nariu-sarasas","status":"publish","type":"page","link":"https:\/\/www.vu.lt\/lmma\/?page_id=47","title":{"rendered":"Naryst\u0117 LMMA"},"content":{"rendered":"<p><span style=\"color: #800000; font-size: large;\">\u00a0<strong>Maloniai kvie\u010diame \u012fsijungti \u012f m\u016bs\u0173 gretas naujus narius.<\/strong><\/span><\/p>\n<p><span style=\"color: #800000; font-size: large;\"><strong> U\u017epildykite <span style=\"text-decoration: underline; color: #0000ff;\"><a href=\"https:\/\/forms.gle\/ds3Bng8LayQRAEuE7\"><span style=\"color: #0000ff; text-decoration: underline;\">nario anket\u0105<\/span><\/a><\/span><span style=\"color: #800000;\">\u00a0ir sumok\u0117kite stojam\u0105j\u012f bei nario mokest\u012f.<\/span><\/strong><\/span><\/p>\n<p><span style=\"font-size: large;\"><strong><span style=\"color: #800000;\">Su jumis susisieksime elektroniniu pa\u0161tu.<\/span><\/strong><\/span><\/p>\n<p><span style=\"font-size: 14pt;\"><strong>LMMA NARI\u0172 s\u0105ra\u0161\u0105 galite su\u017einoti susisiek\u0119 el. adresu <a href=\"mailto:informacija.lmma@gmail.com\">informacija.lmma@gmail.com<\/a><\/strong><\/span><\/p>\n<p>&nbsp;<\/p>\n<p><strong>I\u0161ra\u0161as i\u0161 LMMA \u012fstat\u0173 patvirtint\u0173 2019 m. sausio 26 d.<\/strong><\/p>\n<p><strong>20. Asociacijos narys pa\u0161alinamas i\u0161 Asociacijos, kai nesilaiko \u0161i\u0173 \u012fstat\u0173 ar\u00a0<span style=\"color: #993300;\">nemoka nario mokes\u010di\u0173 daugiau kaip tris metus (neb\u016btinai i\u0161 eil\u0117s)<\/span>.\u00a0Sprendim\u0105 d\u0117l pa\u0161alinimo i\u0161 Asociacijos priima Asociacijos valdyba.<\/strong><\/p>\n<aside id=\"text-4\">\n<h3><span style=\"font-size: large;\">S\u0105skaita<\/span><\/h3>\n<div>\n<p><span style=\"font-size: medium;\">LMMA s\u0105skaitos numeris\u00a0 Nr. LT 17 7300 0100 0244 6478<\/span><br \/>\n<span style=\"font-size: medium;\"> Gav\u0117jo pavadinimas: Lietuvos matematikos mokytoj\u0173 asociacija<\/span><br \/>\n<span style=\"font-size: medium;\"> LMMA (gav\u0117jo) kodas 1907 24310<\/span><br \/>\n<span style=\"font-size: medium;\"> Banko pavadinimas AB Swedbank<\/span><br \/>\n<span style=\"font-size: medium;\"> Banko kodas 73000<\/span><\/p>\n<p><span style=\"font-size: medium;\">Mokes\u010dio pavadinimas (metinis nario mokestis arba stojamasis mokestis).<\/span><br \/>\n<span style=\"font-size: medium;\"> Mok\u0117jimo paskirtyje nurodyti: asmens vardas, pavard\u0117, darboviet\u0117,\u00a0<strong>metai, u\u017e kuriuos mokate<\/strong>.<\/span><\/p>\n<p><strong><span style=\"font-size: medium;\">Nuo 2024 m. vasario 5 d.<br \/>\n<\/span><\/strong><span style=\"font-size: medium;\">Metinis nario mokestis \u2013 <strong>10 eur\u0173<\/strong>.<\/span><br \/>\n<span style=\"font-size: medium;\"> Stojamasis mokestis \u2013 <strong>5 eurai<\/strong>.<\/span><\/p>\n<\/div>\n<\/aside>\n","protected":false},"excerpt":{"rendered":"<p>\u00a0Maloniai kvie\u010diame \u012fsijungti \u012f m\u016bs\u0173 gretas naujus narius. U\u017epildykite nario anket\u0105\u00a0ir sumok\u0117kite stojam\u0105j\u012f bei nario mokest\u012f. Su jumis susisieksime elektroniniu pa\u0161tu. LMMA NARI\u0172 s\u0105ra\u0161\u0105 galite&hellip;<\/p>\n","protected":false},"author":1,"featured_media":0,"parent":0,"menu_order":0,"comment_status":"closed","ping_status":"closed","template":"","meta":{"footnotes":""},"class_list":["post-47","page","type-page","status-publish","hentry"],"_links":{"self":[{"href":"https:\/\/www.vu.lt\/lmma\/index.php?rest_route=\/wp\/v2\/pages\/47","targetHints":{"allow":["GET"]}}],"collection":[{"href":"https:\/\/www.vu.lt\/lmma\/index.php?rest_route=\/wp\/v2\/pages"}],"about":[{"href":"https:\/\/www.vu.lt\/lmma\/index.php?rest_route=\/wp\/v2\/types\/page"}],"author":[{"embeddable":true,"href":"https:\/\/www.vu.lt\/lmma\/index.php?rest_route=\/wp\/v2\/users\/1"}],"replies":[{"embeddable":true,"href":"https:\/\/www.vu.lt\/lmma\/index.php?rest_route=%2Fwp%2Fv2%2Fcomments&post=47"}],"version-history":[{"count":2,"href":"https:\/\/www.vu.lt\/lmma\/index.php?rest_route=\/wp\/v2\/pages\/47\/revisions"}],"predecessor-version":[{"id":2894,"href":"https:\/\/www.vu.lt\/lmma\/index.php?rest_route=\/wp\/v2\/pages\/47\/revisions\/2894"}],"wp:attachment":[{"href":"https:\/\/www.vu.lt\/lmma\/index.php?rest_route=%2Fwp%2Fv2%2Fmedia&parent=47"}],"curies":[{"name":"wp","href":"https:\/\/api.w.org\/{rel}","templated":true}]}}