{"id":59,"date":"2011-01-17T18:10:29","date_gmt":"2011-01-17T18:10:29","guid":{"rendered":"http:\/\/lmma\/"},"modified":"2011-01-17T18:10:29","modified_gmt":"2011-01-17T18:10:29","slug":"nuorodos","status":"publish","type":"page","link":"https:\/\/www.vu.lt\/lmma\/?page_id=59","title":{"rendered":"Nuorodos"},"content":{"rendered":"<h3>Tinklara\u0161tyje <a title=\"norvaisa.lt\" href=\"http:\/\/norvaisa.lt\/\" target=\"_blank\" rel=\"noopener\">norvaisa.lt\u00a0 <\/a>apie matematik\u0105, moksl\u0105 ir \u0161vietim\u0105 ra\u0161o Rimas Norvai\u0161a.<\/h3>\n<p>Rimas Norvai\u0161a baig\u0117 Vilniaus universitet\u0105 1980 metais, \u012fgydamas matematiko specialyb\u0119. 1985 metais apgyn\u0117 fizikos-matematikos moksl\u0173 kandidato disertacij\u0105. Nuo 1991 met\u0173 dirba Matematikos ir informatikos institute; \u0161iuo metu yra \u0161io instituto vyriausiasis mokslo darbuotojas. 2001 metais apgyn\u0117 habilituoto daktaro disertacij\u0105. Ma\u017edaug tuo pa\u010diu metu prad\u0117jo dirbti ir Vilniaus universiteto ekonometrijos katedroje; \u0161iuo metu u\u017eima profesoriaus pareigas. \u0160ios katedros studentams d\u0117sto matematin\u0117s analiz\u0117s ir matematin\u0117s ekonomikos kursus. 2010-2012 metais buvo Lietuvos mokslinink\u0173 s\u0105jungos pirmininku; dabar yra \u0161ios s\u0105jungos vicepirmininkas.<\/p>\n<p><span style=\"font-size: large;\"><br \/>\n<\/span><\/p>\n","protected":false},"excerpt":{"rendered":"<p>Tinklara\u0161tyje norvaisa.lt\u00a0 apie matematik\u0105, moksl\u0105 ir \u0161vietim\u0105 ra\u0161o Rimas Norvai\u0161a. Rimas Norvai\u0161a baig\u0117 Vilniaus universitet\u0105 1980 metais, \u012fgydamas matematiko specialyb\u0119. 1985 metais apgyn\u0117 fizikos-matematikos moksl\u0173&hellip;<\/p>\n","protected":false},"author":1,"featured_media":0,"parent":0,"menu_order":0,"comment_status":"closed","ping_status":"closed","template":"","meta":{"footnotes":""},"class_list":["post-59","page","type-page","status-publish","hentry"],"_links":{"self":[{"href":"https:\/\/www.vu.lt\/lmma\/index.php?rest_route=\/wp\/v2\/pages\/59","targetHints":{"allow":["GET"]}}],"collection":[{"href":"https:\/\/www.vu.lt\/lmma\/index.php?rest_route=\/wp\/v2\/pages"}],"about":[{"href":"https:\/\/www.vu.lt\/lmma\/index.php?rest_route=\/wp\/v2\/types\/page"}],"author":[{"embeddable":true,"href":"https:\/\/www.vu.lt\/lmma\/index.php?rest_route=\/wp\/v2\/users\/1"}],"replies":[{"embeddable":true,"href":"https:\/\/www.vu.lt\/lmma\/index.php?rest_route=%2Fwp%2Fv2%2Fcomments&post=59"}],"version-history":[{"count":0,"href":"https:\/\/www.vu.lt\/lmma\/index.php?rest_route=\/wp\/v2\/pages\/59\/revisions"}],"wp:attachment":[{"href":"https:\/\/www.vu.lt\/lmma\/index.php?rest_route=%2Fwp%2Fv2%2Fmedia&parent=59"}],"curies":[{"name":"wp","href":"https:\/\/api.w.org\/{rel}","templated":true}]}}